{"id":5,"date":"2016-08-23T16:31:40","date_gmt":"2016-08-23T19:31:40","guid":{"rendered":"http:\/\/qualityinox.com.br\/site\/?page_id=5"},"modified":"2016-10-20T16:16:45","modified_gmt":"2016-10-20T18:16:45","slug":"quality-inox-piracicaba","status":"publish","type":"page","link":"https:\/\/qualityinox.com.br\/site\/","title":{"rendered":"Quality"},"content":{"rendered":"<p><strong>QUALITY<\/strong><\/p>\n","protected":false},"excerpt":{"rendered":"<p>QUALITY<\/p>\n","protected":false},"author":4,"featured_media":0,"parent":0,"menu_order":0,"comment_status":"closed","ping_status":"closed","template":"page-home.php","meta":{"_acf_changed":false,"footnotes":""},"class_list":["post-5","page","type-page","status-publish","hentry"],"acf":[],"yoast_head":"<!-- This site is optimized with the Yoast SEO plugin v27.6 - https:\/\/yoast.com\/product\/yoast-seo-wordpress\/ -->\n<title>Quality Inox - Piracicaba \/ SP<\/title>\n<meta name=\"description\" content=\"Instalada em Piracicaba, nossa empresa foi criada com prop\u00f3sito de dar aos seus clientes a melhor op\u00e7\u00e3o com rela\u00e7\u00e3o \u00e0 qualidade de produtos fabricados.\" \/>\n<meta name=\"robots\" content=\"index, follow, max-snippet:-1, max-image-preview:large, max-video-preview:-1\" \/>\n<link rel=\"canonical\" href=\"https:\/\/qualityinox.com.br\/site\/\" \/>\n<meta property=\"og:locale\" content=\"pt_BR\" \/>\n<meta property=\"og:type\" content=\"article\" \/>\n<meta property=\"og:title\" content=\"Quality Inox - Piracicaba \/ SP\" \/>\n<meta property=\"og:description\" content=\"Instalada em Piracicaba, nossa empresa foi criada com prop\u00f3sito de dar aos seus clientes a melhor op\u00e7\u00e3o com rela\u00e7\u00e3o \u00e0 qualidade de produtos fabricados.\" \/>\n<meta property=\"og:url\" content=\"https:\/\/qualityinox.com.br\/site\/\" \/>\n<meta property=\"og:site_name\" content=\"Quality Inox\" \/>\n<meta property=\"article:publisher\" content=\"https:\/\/www.facebook.com\/qualityinox2013\/\" \/>\n<meta property=\"article:modified_time\" content=\"2016-10-20T18:16:45+00:00\" \/>\n<meta name=\"twitter:card\" content=\"summary_large_image\" \/>\n<script type=\"application\/ld+json\" class=\"yoast-schema-graph\">{\"@context\":\"https:\\\/\\\/schema.org\",\"@graph\":[{\"@type\":\"WebPage\",\"@id\":\"https:\\\/\\\/qualityinox.com.br\\\/site\\\/\",\"url\":\"https:\\\/\\\/qualityinox.com.br\\\/site\\\/\",\"name\":\"Quality Inox - Piracicaba \\\/ SP\",\"isPartOf\":{\"@id\":\"https:\\\/\\\/qualityinox.com.br\\\/site\\\/#website\"},\"datePublished\":\"2016-08-23T19:31:40+00:00\",\"dateModified\":\"2016-10-20T18:16:45+00:00\",\"description\":\"Instalada em Piracicaba, nossa empresa foi criada com prop\u00f3sito de dar aos seus clientes a melhor op\u00e7\u00e3o com rela\u00e7\u00e3o \u00e0 qualidade de produtos fabricados.\",\"breadcrumb\":{\"@id\":\"https:\\\/\\\/qualityinox.com.br\\\/site\\\/#breadcrumb\"},\"inLanguage\":\"pt-BR\",\"potentialAction\":[{\"@type\":\"ReadAction\",\"target\":[\"https:\\\/\\\/qualityinox.com.br\\\/site\\\/\"]}]},{\"@type\":\"BreadcrumbList\",\"@id\":\"https:\\\/\\\/qualityinox.com.br\\\/site\\\/#breadcrumb\",\"itemListElement\":[{\"@type\":\"ListItem\",\"position\":1,\"name\":\"In\u00edcio\",\"item\":\"https:\\\/\\\/qualityinox.com.br\\\/site\\\/\"},{\"@type\":\"ListItem\",\"position\":2,\"name\":\"Quality\"}]},{\"@type\":\"WebSite\",\"@id\":\"https:\\\/\\\/qualityinox.com.br\\\/site\\\/#website\",\"url\":\"https:\\\/\\\/qualityinox.com.br\\\/site\\\/\",\"name\":\"Quality Inox\",\"description\":\"A Quality inox executa todos os tipos de servi\u00e7os de caldeiraria, solda, corte guilhotina e plasma, perfura\u00e7\u00f5es de chapas.\",\"potentialAction\":[{\"@type\":\"SearchAction\",\"target\":{\"@type\":\"EntryPoint\",\"urlTemplate\":\"https:\\\/\\\/qualityinox.com.br\\\/site\\\/?s={search_term_string}\"},\"query-input\":{\"@type\":\"PropertyValueSpecification\",\"valueRequired\":true,\"valueName\":\"search_term_string\"}}],\"inLanguage\":\"pt-BR\"}]}<\/script>\n<!-- \/ Yoast SEO plugin. -->","yoast_head_json":{"title":"Quality Inox - Piracicaba \/ SP","description":"Instalada em Piracicaba, nossa empresa foi criada com prop\u00f3sito de dar aos seus clientes a melhor op\u00e7\u00e3o com rela\u00e7\u00e3o \u00e0 qualidade de produtos fabricados.","robots":{"index":"index","follow":"follow","max-snippet":"max-snippet:-1","max-image-preview":"max-image-preview:large","max-video-preview":"max-video-preview:-1"},"canonical":"https:\/\/qualityinox.com.br\/site\/","og_locale":"pt_BR","og_type":"article","og_title":"Quality Inox - Piracicaba \/ SP","og_description":"Instalada em Piracicaba, nossa empresa foi criada com prop\u00f3sito de dar aos seus clientes a melhor op\u00e7\u00e3o com rela\u00e7\u00e3o \u00e0 qualidade de produtos fabricados.","og_url":"https:\/\/qualityinox.com.br\/site\/","og_site_name":"Quality Inox","article_publisher":"https:\/\/www.facebook.com\/qualityinox2013\/","article_modified_time":"2016-10-20T18:16:45+00:00","twitter_card":"summary_large_image","schema":{"@context":"https:\/\/schema.org","@graph":[{"@type":"WebPage","@id":"https:\/\/qualityinox.com.br\/site\/","url":"https:\/\/qualityinox.com.br\/site\/","name":"Quality Inox - Piracicaba \/ SP","isPartOf":{"@id":"https:\/\/qualityinox.com.br\/site\/#website"},"datePublished":"2016-08-23T19:31:40+00:00","dateModified":"2016-10-20T18:16:45+00:00","description":"Instalada em Piracicaba, nossa empresa foi criada com prop\u00f3sito de dar aos seus clientes a melhor op\u00e7\u00e3o com rela\u00e7\u00e3o \u00e0 qualidade de produtos fabricados.","breadcrumb":{"@id":"https:\/\/qualityinox.com.br\/site\/#breadcrumb"},"inLanguage":"pt-BR","potentialAction":[{"@type":"ReadAction","target":["https:\/\/qualityinox.com.br\/site\/"]}]},{"@type":"BreadcrumbList","@id":"https:\/\/qualityinox.com.br\/site\/#breadcrumb","itemListElement":[{"@type":"ListItem","position":1,"name":"In\u00edcio","item":"https:\/\/qualityinox.com.br\/site\/"},{"@type":"ListItem","position":2,"name":"Quality"}]},{"@type":"WebSite","@id":"https:\/\/qualityinox.com.br\/site\/#website","url":"https:\/\/qualityinox.com.br\/site\/","name":"Quality Inox","description":"A Quality inox executa todos os tipos de servi\u00e7os de caldeiraria, solda, corte guilhotina e plasma, perfura\u00e7\u00f5es de chapas.","potentialAction":[{"@type":"SearchAction","target":{"@type":"EntryPoint","urlTemplate":"https:\/\/qualityinox.com.br\/site\/?s={search_term_string}"},"query-input":{"@type":"PropertyValueSpecification","valueRequired":true,"valueName":"search_term_string"}}],"inLanguage":"pt-BR"}]}},"_links":{"self":[{"href":"https:\/\/qualityinox.com.br\/site\/wp-json\/wp\/v2\/pages\/5","targetHints":{"allow":["GET"]}}],"collection":[{"href":"https:\/\/qualityinox.com.br\/site\/wp-json\/wp\/v2\/pages"}],"about":[{"href":"https:\/\/qualityinox.com.br\/site\/wp-json\/wp\/v2\/types\/page"}],"author":[{"embeddable":true,"href":"https:\/\/qualityinox.com.br\/site\/wp-json\/wp\/v2\/users\/4"}],"replies":[{"embeddable":true,"href":"https:\/\/qualityinox.com.br\/site\/wp-json\/wp\/v2\/comments?post=5"}],"version-history":[{"count":14,"href":"https:\/\/qualityinox.com.br\/site\/wp-json\/wp\/v2\/pages\/5\/revisions"}],"predecessor-version":[{"id":295,"href":"https:\/\/qualityinox.com.br\/site\/wp-json\/wp\/v2\/pages\/5\/revisions\/295"}],"wp:attachment":[{"href":"https:\/\/qualityinox.com.br\/site\/wp-json\/wp\/v2\/media?parent=5"}],"curies":[{"name":"wp","href":"https:\/\/api.w.org\/{rel}","templated":true}]}}