{"id":95,"date":"2016-09-28T08:31:37","date_gmt":"2016-09-28T11:31:37","guid":{"rendered":"http:\/\/qualityinox.com.br\/site\/?page_id=95"},"modified":"2016-10-20T16:15:22","modified_gmt":"2016-10-20T18:15:22","slug":"orcamento","status":"publish","type":"page","link":"https:\/\/qualityinox.com.br\/site\/orcamento\/","title":{"rendered":"Or\u00e7amento"},"content":{"rendered":"<h3>Nos envie seu pedido de or\u00e7amento<\/h3>\n<div class=\"titleline\"><\/div>\n<p>\n<div class=\"wpcf7 no-js\" id=\"wpcf7-f213-o1\" lang=\"pt-BR\" dir=\"ltr\" data-wpcf7-id=\"213\">\n<div class=\"screen-reader-response\"><p role=\"status\" aria-live=\"polite\" aria-atomic=\"true\"><\/p> <ul><\/ul><\/div>\n<form action=\"\/site\/wp-json\/wp\/v2\/pages\/95#wpcf7-f213-o1\" method=\"post\" class=\"wpcf7-form init\" aria-label=\"Formul\u00e1rios de contato\" novalidate=\"novalidate\" data-status=\"init\">\n<fieldset class=\"hidden-fields-container\"><input type=\"hidden\" name=\"_wpcf7\" value=\"213\" \/><input type=\"hidden\" name=\"_wpcf7_version\" value=\"6.1.5\" \/><input type=\"hidden\" name=\"_wpcf7_locale\" value=\"pt_BR\" \/><input type=\"hidden\" name=\"_wpcf7_unit_tag\" value=\"wpcf7-f213-o1\" \/><input type=\"hidden\" name=\"_wpcf7_container_post\" value=\"0\" \/><input type=\"hidden\" name=\"_wpcf7_posted_data_hash\" value=\"\" \/><input type=\"hidden\" name=\"_wpcf7_recaptcha_response\" value=\"\" \/>\n<\/fieldset>\n<p>Nome\n<\/p>\n<p><span class=\"wpcf7-form-control-wrap\" data-name=\"nome\"><input size=\"40\" maxlength=\"400\" class=\"wpcf7-form-control wpcf7-text wpcf7-validates-as-required\" aria-required=\"true\" aria-invalid=\"false\" value=\"\" type=\"text\" name=\"nome\" \/><\/span>\n<\/p>\n<p>Telefone (obrigat\u00f3rio)\n<\/p>\n<p><span class=\"wpcf7-form-control-wrap\" data-name=\"tel-287\"><input size=\"40\" maxlength=\"400\" class=\"wpcf7-form-control wpcf7-text wpcf7-validates-as-required\" aria-required=\"true\" aria-invalid=\"false\" value=\"\" type=\"text\" name=\"tel-287\" \/><\/span>\n<\/p>\n<p>E-mail (obrigat\u00f3rio)\n<\/p>\n<p><span class=\"wpcf7-form-control-wrap\" data-name=\"your-email\"><input size=\"40\" maxlength=\"400\" class=\"wpcf7-form-control wpcf7-email wpcf7-validates-as-required wpcf7-text wpcf7-validates-as-email\" aria-required=\"true\" aria-invalid=\"false\" value=\"\" type=\"email\" name=\"your-email\" \/><\/span>\n<\/p>\n<p>Cidade\/Estado\n<\/p>\n<p><span class=\"wpcf7-form-control-wrap\" data-name=\"cid-est\"><input size=\"40\" maxlength=\"400\" class=\"wpcf7-form-control wpcf7-text\" aria-invalid=\"false\" value=\"\" type=\"text\" name=\"cid-est\" \/><\/span>\n<\/p>\n<p>CNPJ \/ CPF\n<\/p>\n<p><span class=\"wpcf7-form-control-wrap\" data-name=\"cnpjcpf\"><input size=\"40\" maxlength=\"400\" class=\"wpcf7-form-control wpcf7-text\" aria-invalid=\"false\" value=\"\" type=\"text\" name=\"cnpjcpf\" \/><\/span>\n<\/p>\n<p>Observa\u00e7\u00e3o\n<\/p>\n<p><span class=\"wpcf7-form-control-wrap\" data-name=\"your-message\"><textarea cols=\"40\" rows=\"10\" maxlength=\"2000\" class=\"wpcf7-form-control wpcf7-textarea wpcf7-validates-as-required\" aria-required=\"true\" aria-invalid=\"false\" name=\"your-message\"><\/textarea><\/span>\n<\/p>\n<p><input class=\"wpcf7-form-control wpcf7-submit has-spinner\" type=\"submit\" value=\"Enviar\" \/>\n<\/p><div class=\"wpcf7-response-output\" aria-hidden=\"true\"><\/div>\n<\/form>\n<\/div>\n<br \/>\n<img loading=\"lazy\" decoding=\"async\" class=\"aligncenter size-full wp-image-217\" src=\"http:\/\/qualityinox.com.br\/site\/wp-content\/uploads\/2016\/09\/Quality.jpg\" alt=\"quality\" width=\"956\" height=\"346\" srcset=\"https:\/\/qualityinox.com.br\/site\/wp-content\/uploads\/2016\/09\/Quality.jpg 956w, https:\/\/qualityinox.com.br\/site\/wp-content\/uploads\/2016\/09\/Quality-300x109.jpg 300w, https:\/\/qualityinox.com.br\/site\/wp-content\/uploads\/2016\/09\/Quality-768x278.jpg 768w\" sizes=\"auto, (max-width: 956px) 100vw, 956px\" \/><\/p>\n","protected":false},"excerpt":{"rendered":"<p>Nos envie seu pedido de or\u00e7amento<\/p>\n","protected":false},"author":4,"featured_media":0,"parent":0,"menu_order":0,"comment_status":"closed","ping_status":"closed","template":"","meta":{"_acf_changed":false,"footnotes":""},"class_list":["post-95","page","type-page","status-publish","hentry"],"acf":[],"yoast_head":"<!-- This site is optimized with the Yoast SEO plugin v27.6 - https:\/\/yoast.com\/product\/yoast-seo-wordpress\/ -->\n<title>Or\u00e7amento - Quality Inox<\/title>\n<meta name=\"description\" content=\"Solicite seu or\u00e7amento se custo\" \/>\n<meta name=\"robots\" content=\"index, follow, max-snippet:-1, max-image-preview:large, max-video-preview:-1\" \/>\n<link rel=\"canonical\" href=\"https:\/\/qualityinox.com.br\/site\/orcamento\/\" \/>\n<meta property=\"og:locale\" content=\"pt_BR\" \/>\n<meta property=\"og:type\" content=\"article\" \/>\n<meta property=\"og:title\" content=\"Or\u00e7amento - Quality Inox\" \/>\n<meta property=\"og:description\" content=\"Solicite seu or\u00e7amento se custo\" \/>\n<meta property=\"og:url\" content=\"https:\/\/qualityinox.com.br\/site\/orcamento\/\" \/>\n<meta property=\"og:site_name\" content=\"Quality Inox\" \/>\n<meta property=\"article:publisher\" content=\"https:\/\/www.facebook.com\/qualityinox2013\/\" \/>\n<meta property=\"article:modified_time\" content=\"2016-10-20T18:15:22+00:00\" \/>\n<meta property=\"og:image\" content=\"http:\/\/qualityinox.com.br\/site\/wp-content\/uploads\/2016\/09\/Quality.jpg\" \/>\n<meta name=\"twitter:card\" content=\"summary_large_image\" \/>\n<script type=\"application\/ld+json\" class=\"yoast-schema-graph\">{\"@context\":\"https:\\\/\\\/schema.org\",\"@graph\":[{\"@type\":\"WebPage\",\"@id\":\"https:\\\/\\\/qualityinox.com.br\\\/site\\\/orcamento\\\/\",\"url\":\"https:\\\/\\\/qualityinox.com.br\\\/site\\\/orcamento\\\/\",\"name\":\"Or\u00e7amento - Quality Inox\",\"isPartOf\":{\"@id\":\"https:\\\/\\\/qualityinox.com.br\\\/site\\\/#website\"},\"primaryImageOfPage\":{\"@id\":\"https:\\\/\\\/qualityinox.com.br\\\/site\\\/orcamento\\\/#primaryimage\"},\"image\":{\"@id\":\"https:\\\/\\\/qualityinox.com.br\\\/site\\\/orcamento\\\/#primaryimage\"},\"thumbnailUrl\":\"http:\\\/\\\/qualityinox.com.br\\\/site\\\/wp-content\\\/uploads\\\/2016\\\/09\\\/Quality.jpg\",\"datePublished\":\"2016-09-28T11:31:37+00:00\",\"dateModified\":\"2016-10-20T18:15:22+00:00\",\"description\":\"Solicite seu or\u00e7amento se custo\",\"breadcrumb\":{\"@id\":\"https:\\\/\\\/qualityinox.com.br\\\/site\\\/orcamento\\\/#breadcrumb\"},\"inLanguage\":\"pt-BR\",\"potentialAction\":[{\"@type\":\"ReadAction\",\"target\":[\"https:\\\/\\\/qualityinox.com.br\\\/site\\\/orcamento\\\/\"]}]},{\"@type\":\"ImageObject\",\"inLanguage\":\"pt-BR\",\"@id\":\"https:\\\/\\\/qualityinox.com.br\\\/site\\\/orcamento\\\/#primaryimage\",\"url\":\"http:\\\/\\\/qualityinox.com.br\\\/site\\\/wp-content\\\/uploads\\\/2016\\\/09\\\/Quality.jpg\",\"contentUrl\":\"http:\\\/\\\/qualityinox.com.br\\\/site\\\/wp-content\\\/uploads\\\/2016\\\/09\\\/Quality.jpg\"},{\"@type\":\"BreadcrumbList\",\"@id\":\"https:\\\/\\\/qualityinox.com.br\\\/site\\\/orcamento\\\/#breadcrumb\",\"itemListElement\":[{\"@type\":\"ListItem\",\"position\":1,\"name\":\"In\u00edcio\",\"item\":\"https:\\\/\\\/qualityinox.com.br\\\/site\\\/\"},{\"@type\":\"ListItem\",\"position\":2,\"name\":\"Or\u00e7amento\"}]},{\"@type\":\"WebSite\",\"@id\":\"https:\\\/\\\/qualityinox.com.br\\\/site\\\/#website\",\"url\":\"https:\\\/\\\/qualityinox.com.br\\\/site\\\/\",\"name\":\"Quality Inox\",\"description\":\"A Quality inox executa todos os tipos de servi\u00e7os de caldeiraria, solda, corte guilhotina e plasma, perfura\u00e7\u00f5es de chapas.\",\"potentialAction\":[{\"@type\":\"SearchAction\",\"target\":{\"@type\":\"EntryPoint\",\"urlTemplate\":\"https:\\\/\\\/qualityinox.com.br\\\/site\\\/?s={search_term_string}\"},\"query-input\":{\"@type\":\"PropertyValueSpecification\",\"valueRequired\":true,\"valueName\":\"search_term_string\"}}],\"inLanguage\":\"pt-BR\"}]}<\/script>\n<!-- \/ Yoast SEO plugin. -->","yoast_head_json":{"title":"Or\u00e7amento - Quality Inox","description":"Solicite seu or\u00e7amento se custo","robots":{"index":"index","follow":"follow","max-snippet":"max-snippet:-1","max-image-preview":"max-image-preview:large","max-video-preview":"max-video-preview:-1"},"canonical":"https:\/\/qualityinox.com.br\/site\/orcamento\/","og_locale":"pt_BR","og_type":"article","og_title":"Or\u00e7amento - Quality Inox","og_description":"Solicite seu or\u00e7amento se custo","og_url":"https:\/\/qualityinox.com.br\/site\/orcamento\/","og_site_name":"Quality Inox","article_publisher":"https:\/\/www.facebook.com\/qualityinox2013\/","article_modified_time":"2016-10-20T18:15:22+00:00","og_image":[{"url":"http:\/\/qualityinox.com.br\/site\/wp-content\/uploads\/2016\/09\/Quality.jpg","type":"","width":"","height":""}],"twitter_card":"summary_large_image","schema":{"@context":"https:\/\/schema.org","@graph":[{"@type":"WebPage","@id":"https:\/\/qualityinox.com.br\/site\/orcamento\/","url":"https:\/\/qualityinox.com.br\/site\/orcamento\/","name":"Or\u00e7amento - Quality Inox","isPartOf":{"@id":"https:\/\/qualityinox.com.br\/site\/#website"},"primaryImageOfPage":{"@id":"https:\/\/qualityinox.com.br\/site\/orcamento\/#primaryimage"},"image":{"@id":"https:\/\/qualityinox.com.br\/site\/orcamento\/#primaryimage"},"thumbnailUrl":"http:\/\/qualityinox.com.br\/site\/wp-content\/uploads\/2016\/09\/Quality.jpg","datePublished":"2016-09-28T11:31:37+00:00","dateModified":"2016-10-20T18:15:22+00:00","description":"Solicite seu or\u00e7amento se custo","breadcrumb":{"@id":"https:\/\/qualityinox.com.br\/site\/orcamento\/#breadcrumb"},"inLanguage":"pt-BR","potentialAction":[{"@type":"ReadAction","target":["https:\/\/qualityinox.com.br\/site\/orcamento\/"]}]},{"@type":"ImageObject","inLanguage":"pt-BR","@id":"https:\/\/qualityinox.com.br\/site\/orcamento\/#primaryimage","url":"http:\/\/qualityinox.com.br\/site\/wp-content\/uploads\/2016\/09\/Quality.jpg","contentUrl":"http:\/\/qualityinox.com.br\/site\/wp-content\/uploads\/2016\/09\/Quality.jpg"},{"@type":"BreadcrumbList","@id":"https:\/\/qualityinox.com.br\/site\/orcamento\/#breadcrumb","itemListElement":[{"@type":"ListItem","position":1,"name":"In\u00edcio","item":"https:\/\/qualityinox.com.br\/site\/"},{"@type":"ListItem","position":2,"name":"Or\u00e7amento"}]},{"@type":"WebSite","@id":"https:\/\/qualityinox.com.br\/site\/#website","url":"https:\/\/qualityinox.com.br\/site\/","name":"Quality Inox","description":"A Quality inox executa todos os tipos de servi\u00e7os de caldeiraria, solda, corte guilhotina e plasma, perfura\u00e7\u00f5es de chapas.","potentialAction":[{"@type":"SearchAction","target":{"@type":"EntryPoint","urlTemplate":"https:\/\/qualityinox.com.br\/site\/?s={search_term_string}"},"query-input":{"@type":"PropertyValueSpecification","valueRequired":true,"valueName":"search_term_string"}}],"inLanguage":"pt-BR"}]}},"_links":{"self":[{"href":"https:\/\/qualityinox.com.br\/site\/wp-json\/wp\/v2\/pages\/95","targetHints":{"allow":["GET"]}}],"collection":[{"href":"https:\/\/qualityinox.com.br\/site\/wp-json\/wp\/v2\/pages"}],"about":[{"href":"https:\/\/qualityinox.com.br\/site\/wp-json\/wp\/v2\/types\/page"}],"author":[{"embeddable":true,"href":"https:\/\/qualityinox.com.br\/site\/wp-json\/wp\/v2\/users\/4"}],"replies":[{"embeddable":true,"href":"https:\/\/qualityinox.com.br\/site\/wp-json\/wp\/v2\/comments?post=95"}],"version-history":[{"count":18,"href":"https:\/\/qualityinox.com.br\/site\/wp-json\/wp\/v2\/pages\/95\/revisions"}],"predecessor-version":[{"id":294,"href":"https:\/\/qualityinox.com.br\/site\/wp-json\/wp\/v2\/pages\/95\/revisions\/294"}],"wp:attachment":[{"href":"https:\/\/qualityinox.com.br\/site\/wp-json\/wp\/v2\/media?parent=95"}],"curies":[{"name":"wp","href":"https:\/\/api.w.org\/{rel}","templated":true}]}}